{"id":330,"date":"2016-12-03T17:06:41","date_gmt":"2016-12-03T16:06:41","guid":{"rendered":"http:\/\/krankenpflege-dressen.de\/?page_id=330"},"modified":"2017-12-29T22:56:40","modified_gmt":"2017-12-29T21:56:40","slug":"team","status":"publish","type":"page","link":"https:\/\/krankenpflege-dressen.de\/?page_id=330","title":{"rendered":"Unser Team"},"content":{"rendered":"<h3>F\u00fcr die freundlichen und pflichtbewussten Pflegekr\u00e4fte des Teams Dre\u00dfen ist der pers\u00f6nliche Umgang mit den zu betreuenden Menschen Aufgabe und Berufung zugleich.<\/h3>\n<p>&nbsp;<\/p>\n<h2>Diese Seite wird derzeit \u00fcberarbeitet.<\/h2>\n<p>&nbsp;<\/p>\n<p>&nbsp;<\/p>\n","protected":false},"excerpt":{"rendered":"<p>F\u00fcr die freundlichen und pflichtbewussten Pflegekr\u00e4fte des Teams Dre\u00dfen ist der pers\u00f6nliche Umgang mit den zu betreuenden Menschen Aufgabe und Berufung zugleich. &nbsp; Diese Seite wird derzeit \u00fcberarbeitet. &nbsp; &nbsp;<\/p>\n","protected":false},"author":3,"featured_media":0,"parent":0,"menu_order":0,"comment_status":"closed","ping_status":"closed","template":"","meta":{"footnotes":""},"class_list":["post-330","page","type-page","status-publish","hentry"],"_links":{"self":[{"href":"https:\/\/krankenpflege-dressen.de\/index.php?rest_route=\/wp\/v2\/pages\/330","targetHints":{"allow":["GET"]}}],"collection":[{"href":"https:\/\/krankenpflege-dressen.de\/index.php?rest_route=\/wp\/v2\/pages"}],"about":[{"href":"https:\/\/krankenpflege-dressen.de\/index.php?rest_route=\/wp\/v2\/types\/page"}],"author":[{"embeddable":true,"href":"https:\/\/krankenpflege-dressen.de\/index.php?rest_route=\/wp\/v2\/users\/3"}],"replies":[{"embeddable":true,"href":"https:\/\/krankenpflege-dressen.de\/index.php?rest_route=%2Fwp%2Fv2%2Fcomments&post=330"}],"version-history":[{"count":17,"href":"https:\/\/krankenpflege-dressen.de\/index.php?rest_route=\/wp\/v2\/pages\/330\/revisions"}],"predecessor-version":[{"id":411,"href":"https:\/\/krankenpflege-dressen.de\/index.php?rest_route=\/wp\/v2\/pages\/330\/revisions\/411"}],"wp:attachment":[{"href":"https:\/\/krankenpflege-dressen.de\/index.php?rest_route=%2Fwp%2Fv2%2Fmedia&parent=330"}],"curies":[{"name":"wp","href":"https:\/\/api.w.org\/{rel}","templated":true}]}}